{"id":5079,"date":"2018-05-07T09:29:05","date_gmt":"2018-05-07T08:29:05","guid":{"rendered":"https:\/\/ljubljanajazz.si\/?page_id=5079"},"modified":"2026-04-16T14:05:40","modified_gmt":"2026-04-16T13:05:40","slug":"about","status":"publish","type":"page","link":"https:\/\/ljubljanajazz.si\/en\/about\/","title":{"rendered":"About"},"content":{"rendered":"<div class=\"wpb-content-wrapper\"><p>[vc_row][vc_column icons_position=&#8221;left&#8221;][vc_column_text css=&#8221;&#8221;]<\/p>\n<h5>About us<\/h5>\n<p>The Jazz Festival Ljubljana traces its origins to 1960 in Bled, where it was launched as the Jazz Festival Bled, one of the earliest festivals of its kind in Europe and the first in this part of the world. The initiative arose the previous year among members of Yugoslav dance orchestras performing at pop festivals in Opatija, at a time when jazz was still a bone of contention and occasionally faced occasional calls for prohibition. The inaugural edition immediately established an important platform for the genre, bringing together both local and international artists, including prominent Slovenian ensembles such as <strong>Ansambel Mojmirja Sepeta, Kvartet Jo\u017eeta Priv\u0161ka<\/strong>, and<strong> the Ljubljanski jazz ansambel<\/strong>. The festival quickly acquired an international character, welcoming foreign musicians as early as 1962 and achieving a major breakthrough with a concert by the Modern Jazz Quartet, which firmly established its position on the global jazz map.<\/p>\n<p>Despite its early successes, the withdrawal of budgetary support in 1963 thrust the festival into financial uncertainty, affecting its continued operation in Bled. In 1967, it relocated to Ljubljana, where it gradually developed into the country\u2019s leading national and international jazz event, while the Bled edition was briefly revived between 1985 and 1987. Since 1982, the festival has been run by Cankarjev dom, providing it with stable institutional backing, production resources, and a long-term programming vision.<\/p>\n<p>Over the years, the festival\u2019s programme has been shaped by <strong>France Kapus, Aleksander Skale, Zoran Pistotnik, Stane Su\u0161nik, Lado Jak\u0161a <\/strong>and<strong> Tone Jan\u0161a<\/strong>. In the late 1980s,<strong> Brane Ron\u010del<\/strong> took the helm and successfully steered the festival through the turbulent 1990s. <strong>Oliver Belopeta<\/strong> and<strong> David Braun<\/strong> each served one term as artistic directors, while for more than two decades the festival thrived under the artistic leadership of Bogdan Benigar, alongside co-selectors <strong>Pedro Costa, Edin Zub\u010devi\u0107, Dre Ho\u010devar <\/strong>and <strong>Borja Mo\u010dnik<\/strong>. In 2024,<strong> Tina Le\u0161ni\u010dar<\/strong> took over as Artistic Director, with <strong>Borja Mo\u010dnik<\/strong> continuing as co-curator of the festival programme.<\/p>\n<p>Today, still produced by Cankarjev dom, the festival takes pride in nurturing its rich heritage while continually evolving in response to contemporary musical trends. Over more than six decades, the festival has welcomed numerous seminal figures from the global jazz and wider music scene, making a significant contribution to the development and recognition of jazz in this part of Europe, including <strong>Miles Davis, Bill Evans, Archie Shepp, Anthony Braxton, Cecil Taylor, Ornette Coleman, John Zorn, Alfa Mist, Charles Lloyd, Chief Adjuah, Meshell Ndegeocello, C\u00e9cile McLorin Salvant <\/strong>and<strong> Pat Metheny.<\/strong>[\/vc_column_text][\/vc_column][\/vc_row]<\/p>\n<\/div>","protected":false},"excerpt":{"rendered":"<p>[vc_row][vc_column icons_position=&#8221;left&#8221;][vc_column_text css=&#8221;&#8221;] About us The Jazz Festival Ljubljana traces its origins to 1960 in Bled, where it was launched as the Jazz Festival Bled, one of the earliest festivals&hellip;<\/p>\n","protected":false},"author":3,"featured_media":0,"parent":0,"menu_order":0,"comment_status":"closed","ping_status":"closed","template":"","meta":{"footnotes":""},"class_list":["post-5079","page","type-page","status-publish","hentry"],"yoast_head":"<!-- This site is optimized with the Yoast SEO Premium plugin v27.2 (Yoast SEO v27.2) - https:\/\/yoast.com\/product\/yoast-seo-premium-wordpress\/ -->\r\n<title>About - 67. Jazz festival Ljubljana<\/title>\r\n<meta name=\"robots\" content=\"index, follow, max-snippet:-1, max-image-preview:large, max-video-preview:-1\" \/>\r\n<link rel=\"canonical\" href=\"https:\/\/ljubljanajazz.si\/en\/about\/\" \/>\r\n<meta property=\"og:locale\" content=\"en_US\" \/>\r\n<meta property=\"og:type\" content=\"article\" \/>\r\n<meta property=\"og:title\" content=\"About\" \/>\r\n<meta property=\"og:description\" content=\"[vc_row][vc_column icons_position=&#8221;left&#8221;][vc_column_text css=&#8221;&#8221;] About us The Jazz Festival Ljubljana traces its origins to 1960 in Bled, where it was launched as the Jazz Festival Bled, one of the earliest festivals&hellip;\" \/>\r\n<meta property=\"og:url\" content=\"https:\/\/ljubljanajazz.si\/en\/about\/\" \/>\r\n<meta property=\"og:site_name\" content=\"67. Jazz festival Ljubljana\" \/>\r\n<meta property=\"article:modified_time\" content=\"2026-04-16T13:05:40+00:00\" \/>\r\n<meta property=\"og:image\" content=\"https:\/\/ljubljanajazz.si\/wp-content\/uploads\/2026\/02\/cropped-67-JAZZ_Avatar_1080x1080.jpg\" \/>\r\n\t<meta property=\"og:image:width\" content=\"512\" \/>\r\n\t<meta property=\"og:image:height\" content=\"512\" \/>\r\n\t<meta property=\"og:image:type\" content=\"image\/jpeg\" \/>\r\n<meta name=\"twitter:card\" content=\"summary_large_image\" \/>\r\n<meta name=\"twitter:label1\" content=\"Est. reading time\" \/>\n\t<meta name=\"twitter:data1\" content=\"3 minutes\" \/>\r\n<script type=\"application\/ld+json\" class=\"yoast-schema-graph\">{\"@context\":\"https:\/\/schema.org\",\"@graph\":[{\"@type\":\"WebPage\",\"@id\":\"https:\/\/ljubljanajazz.si\/en\/about\/\",\"url\":\"https:\/\/ljubljanajazz.si\/en\/about\/\",\"name\":\"About - 67. Jazz festival Ljubljana\",\"isPartOf\":{\"@id\":\"https:\/\/ljubljanajazz.si\/#website\"},\"datePublished\":\"2018-05-07T08:29:05+00:00\",\"dateModified\":\"2026-04-16T13:05:40+00:00\",\"breadcrumb\":{\"@id\":\"https:\/\/ljubljanajazz.si\/en\/about\/#breadcrumb\"},\"inLanguage\":\"en-US\",\"potentialAction\":[{\"@type\":\"ReadAction\",\"target\":[\"https:\/\/ljubljanajazz.si\/en\/about\/\"]}]},{\"@type\":\"BreadcrumbList\",\"@id\":\"https:\/\/ljubljanajazz.si\/en\/about\/#breadcrumb\",\"itemListElement\":[{\"@type\":\"ListItem\",\"position\":1,\"name\":\"Home\",\"item\":\"https:\/\/ljubljanajazz.si\/en\/\"},{\"@type\":\"ListItem\",\"position\":2,\"name\":\"About\"}]},{\"@type\":\"WebSite\",\"@id\":\"https:\/\/ljubljanajazz.si\/#website\",\"url\":\"https:\/\/ljubljanajazz.si\/\",\"name\":\"67. Jazz festival Ljubljana\",\"description\":\"\",\"potentialAction\":[{\"@type\":\"SearchAction\",\"target\":{\"@type\":\"EntryPoint\",\"urlTemplate\":\"https:\/\/ljubljanajazz.si\/?s={search_term_string}\"},\"query-input\":{\"@type\":\"PropertyValueSpecification\",\"valueRequired\":true,\"valueName\":\"search_term_string\"}}],\"inLanguage\":\"en-US\"}]}<\/script>\r\n<!-- \/ Yoast SEO Premium plugin. -->","yoast_head_json":{"title":"About - 67. Jazz festival Ljubljana","robots":{"index":"index","follow":"follow","max-snippet":"max-snippet:-1","max-image-preview":"max-image-preview:large","max-video-preview":"max-video-preview:-1"},"canonical":"https:\/\/ljubljanajazz.si\/en\/about\/","og_locale":"en_US","og_type":"article","og_title":"About","og_description":"[vc_row][vc_column icons_position=&#8221;left&#8221;][vc_column_text css=&#8221;&#8221;] About us The Jazz Festival Ljubljana traces its origins to 1960 in Bled, where it was launched as the Jazz Festival Bled, one of the earliest festivals&hellip;","og_url":"https:\/\/ljubljanajazz.si\/en\/about\/","og_site_name":"67. Jazz festival Ljubljana","article_modified_time":"2026-04-16T13:05:40+00:00","og_image":[{"width":512,"height":512,"url":"https:\/\/ljubljanajazz.si\/wp-content\/uploads\/2026\/02\/cropped-67-JAZZ_Avatar_1080x1080.jpg","type":"image\/jpeg"}],"twitter_card":"summary_large_image","twitter_misc":{"Est. reading time":"3 minutes"},"schema":{"@context":"https:\/\/schema.org","@graph":[{"@type":"WebPage","@id":"https:\/\/ljubljanajazz.si\/en\/about\/","url":"https:\/\/ljubljanajazz.si\/en\/about\/","name":"About - 67. Jazz festival Ljubljana","isPartOf":{"@id":"https:\/\/ljubljanajazz.si\/#website"},"datePublished":"2018-05-07T08:29:05+00:00","dateModified":"2026-04-16T13:05:40+00:00","breadcrumb":{"@id":"https:\/\/ljubljanajazz.si\/en\/about\/#breadcrumb"},"inLanguage":"en-US","potentialAction":[{"@type":"ReadAction","target":["https:\/\/ljubljanajazz.si\/en\/about\/"]}]},{"@type":"BreadcrumbList","@id":"https:\/\/ljubljanajazz.si\/en\/about\/#breadcrumb","itemListElement":[{"@type":"ListItem","position":1,"name":"Home","item":"https:\/\/ljubljanajazz.si\/en\/"},{"@type":"ListItem","position":2,"name":"About"}]},{"@type":"WebSite","@id":"https:\/\/ljubljanajazz.si\/#website","url":"https:\/\/ljubljanajazz.si\/","name":"67. Jazz festival Ljubljana","description":"","potentialAction":[{"@type":"SearchAction","target":{"@type":"EntryPoint","urlTemplate":"https:\/\/ljubljanajazz.si\/?s={search_term_string}"},"query-input":{"@type":"PropertyValueSpecification","valueRequired":true,"valueName":"search_term_string"}}],"inLanguage":"en-US"}]}},"_links":{"self":[{"href":"https:\/\/ljubljanajazz.si\/en\/wp-json\/wp\/v2\/pages\/5079","targetHints":{"allow":["GET"]}}],"collection":[{"href":"https:\/\/ljubljanajazz.si\/en\/wp-json\/wp\/v2\/pages"}],"about":[{"href":"https:\/\/ljubljanajazz.si\/en\/wp-json\/wp\/v2\/types\/page"}],"author":[{"embeddable":true,"href":"https:\/\/ljubljanajazz.si\/en\/wp-json\/wp\/v2\/users\/3"}],"replies":[{"embeddable":true,"href":"https:\/\/ljubljanajazz.si\/en\/wp-json\/wp\/v2\/comments?post=5079"}],"version-history":[{"count":3,"href":"https:\/\/ljubljanajazz.si\/en\/wp-json\/wp\/v2\/pages\/5079\/revisions"}],"predecessor-version":[{"id":5102,"href":"https:\/\/ljubljanajazz.si\/en\/wp-json\/wp\/v2\/pages\/5079\/revisions\/5102"}],"wp:attachment":[{"href":"https:\/\/ljubljanajazz.si\/en\/wp-json\/wp\/v2\/media?parent=5079"}],"curies":[{"name":"wp","href":"https:\/\/api.w.org\/{rel}","templated":true}]}}